{"id":14,"date":"2008-03-02T11:38:42","date_gmt":"2008-03-02T10:38:42","guid":{"rendered":"http:\/\/www.soarch.net\/?page_id=14"},"modified":"2026-01-03T18:14:00","modified_gmt":"2026-01-03T17:14:00","slug":"bucher","status":"publish","type":"page","link":"https:\/\/www.natascha-manski.de\/?page_id=14","title":{"rendered":"B\u00fccher &#038; Quizboxen"},"content":{"rendered":"<div class=\"wp-block-image\">\n<figure class=\"aligncenter size-full\"><a href=\"http:\/\/www.natascha-manski.de\/wp-content\/uploads\/2023\/04\/Cover_klein.jpg\"><img loading=\"lazy\" width=\"150\" height=\"225\" src=\"http:\/\/www.natascha-manski.de\/wp-content\/uploads\/2023\/04\/Cover_klein.jpg\" alt=\"\" class=\"wp-image-5759\"\/><\/a><\/figure><\/div>\n\n\n<div class=\"wp-container-2 wp-block-columns\">\n<div class=\"wp-container-1 wp-block-column\" style=\"flex-basis:100%\">\n<p><a href=\"https:\/\/www.gmeiner-verlag.de\/buecher\/titel\/lieblingsplaetze-nordsee-niedersachsen.html\">Lieblingspl\u00e4tze Nordsee Niedersachsen<\/a><br><span class=\"a-list-item\"><span class=\"a-text-bold\">ISBN:&nbsp;<\/span>978-3839203804<br>18 Euro&nbsp;<\/span><\/p>\n<\/div>\n<\/div>\n\n\n<div class=\"wp-block-image\">\n<figure class=\"aligncenter size-full is-resized\"><a href=\"http:\/\/www.natascha-manski.de\/wp-content\/uploads\/2022\/09\/Cover_Hannover-Quiz.jpg\"><img loading=\"lazy\" src=\"http:\/\/www.natascha-manski.de\/wp-content\/uploads\/2022\/09\/Cover_Hannover-Quiz.jpg\" alt=\"\" class=\"wp-image-5681\" width=\"167\" height=\"244\" srcset=\"https:\/\/www.natascha-manski.de\/wp-content\/uploads\/2022\/09\/Cover_Hannover-Quiz.jpg 342w, https:\/\/www.natascha-manski.de\/wp-content\/uploads\/2022\/09\/Cover_Hannover-Quiz-206x300.jpg 206w\" sizes=\"(max-width: 167px) 100vw, 167px\" \/><\/a><\/figure><\/div>\n\n<p><a href=\"https:\/\/grupello.de\/programm\/titel\/hannover.html\" data-rich-text-format-boundary=\"true\">Hannover. Das Heimat-Quiz<\/a><br data-rich-text-line-break=\"true\">Grupello-Verlag<br data-rich-text-line-break=\"true\">104 Karten <br data-rich-text-line-break=\"true\">ISBN: 978-3899784107<br data-rich-text-line-break=\"true\">16.99 Euro<\/p>\n\n<div class=\"wp-block-image\">\n<figure class=\"aligncenter size-large\"><a href=\"http:\/\/www.natascha-manski.de\/wp-content\/uploads\/2021\/12\/Niedersachsen-Quiz_klein__ok.jpg\"><img loading=\"lazy\" width=\"200\" height=\"200\" src=\"http:\/\/www.natascha-manski.de\/wp-content\/uploads\/2021\/12\/Niedersachsen-Quiz_klein__ok.jpg\" alt=\"\" class=\"wp-image-5564\" srcset=\"https:\/\/www.natascha-manski.de\/wp-content\/uploads\/2021\/12\/Niedersachsen-Quiz_klein__ok.jpg 200w, https:\/\/www.natascha-manski.de\/wp-content\/uploads\/2021\/12\/Niedersachsen-Quiz_klein__ok-150x150.jpg 150w\" sizes=\"(max-width: 200px) 100vw, 200px\" \/><\/a><\/figure><\/div>\n\n<p><a href=\"https:\/\/grupello.de\/programm\/titel\/niedersachsen-quiz.html\">Niedersachsen-Quiz<\/a><br>Grupello-Verlag<br><span class=\"a-list-item\">103 Karten<br><\/span><span class=\"a-list-item\"><span class=\"a-text-bold\">ISBN 978-3-89978-395-7<\/span><br>12,90 Euro&nbsp;<\/span><\/p>\n\n\n<p><\/p>\n\n\n<div class=\"wp-block-image\">\n<figure class=\"aligncenter size-large\"><img loading=\"lazy\" width=\"150\" height=\"225\" src=\"http:\/\/www.soarch.net\/wp-content\/uploads\/2020\/02\/Cover_ok.jpg\" alt=\"\" class=\"wp-image-5191\"\/><\/figure><\/div>\n\n\n<p><a href=\"https:\/\/www.gmeiner-verlag.de\/buecher\/titel\/lieblingsplaetze-wesermarsch-und-umzu.html\">Lieblingspl\u00e4tze Wesermarsch und umzu<\/a><br>Gmeiner-Verlag<br>192 Seiten, 88 farbige Abbildungen, Paperback<br>ISBN&nbsp;978-3-8392-2634-6<br>17 Euro <br><\/p>\n\n\n<p style=\"text-align: center;\"><a href=\"http:\/\/www.soarch.net\/wp-content\/uploads\/2008\/03\/Seebestattung_tb_2.jpg\"><img loading=\"lazy\" class=\"aligncenter size-full wp-image-4015\" src=\"http:\/\/www.soarch.net\/wp-content\/uploads\/2008\/03\/Seebestattung_tb_2.jpg\" alt=\"Seebestattung_tb_2\" width=\"150\" height=\"228\"><\/a><\/p>\n<p style=\"text-align: left;\"><a href=\"http:\/\/www.rowohlt.de\/fm90\/131\/Manski_Seebestattung.pdf\">Zur Leseprobe<\/a><\/p>\n<p style=\"text-align: left;\"><strong>Seebestattung \u2013 ein K\u00fcstenkrimi<\/strong><br>Rowohlt-Verlag<br>352 Seiten, broschiert<br>ISBN:&nbsp;978-3499268700<br>9,95 Euro<\/p>\n<p><strong>Meinungen zu &#8222;Seebestattung&#8220;:&nbsp;<\/strong><\/p>\n<p>&#8222;Ein kluger K\u00fcstenkrimi, der weit \u00fcber den Horizont der Nordsee hinausblickt.&#8220;<br><strong>Sandra L\u00fcpkes&nbsp;<\/strong><\/p>\n<p>&#8222;F\u00fcr Krimi-Fans ein Muss, vor allem dann, wenn sie aus der Wesermarsch kommen. Schlie\u00dflich spielt die Geschichte in Butjadingen. Das macht die Lekt\u00fcre zu einem doppelten Vergn\u00fcgen.&#8220;<br><strong>Nordwest-Zeitung<\/strong><\/p>\n<p>&#8222;Bravour\u00f6s flechtet Manski Korruption, Waffenhandel, Abrechnungsbetrug im Gesundheitswesen und Intrigen in ihre Geschichte ein. Auch Missgunst und Konflikte am Arbeitsplatz sowie Aff\u00e4ren und Liebesbeziehungen unter Kollegen kommen nicht zu kurz. Realistisch h\u00e4lt Manski den Lesern den Spiegel vor, wie verf\u00fchrerisch doch Macht und Mammon sind.&#8220;<br><a href=\"http:\/\/hipburn.de\/index.php\/schoene-dinge\/87-natascha-manski-der-neue-stern-am-autorenhimmel\"><strong>Hipburn &#8211; Magazin f\u00fcr sch\u00f6ne Dinge&nbsp;<\/strong><\/a><\/p>\n<p style=\"text-align: center;\"><img loading=\"lazy\" class=\"aligncenter size-full wp-image-5056\" src=\"http:\/\/www.soarch.net\/wp-content\/uploads\/2019\/11\/Fanggr\u00fcnde_ok.jpg\" alt=\"\" width=\"150\" height=\"248\"><\/p>\n<p style=\"text-align: left;\"><a href=\"http:\/\/www.rowohlt.de\/fm90\/131\/Manski_Fanggruende.pdf\">Zur Leseprobe<\/a><\/p>\n<p style=\"text-align: left;\"><strong>Fanggr\u00fcnde \u2013 ein K\u00fcstenkrimi<\/strong><br>Rowohlt-Verlag<br>256 Seiten, broschiert<br>ISBN-13:&nbsp;978-3499259203<br>8,95 Euro<\/p>\n<p style=\"text-align: left;\"><strong><span style=\"text-decoration: underline;\">Meinungen zu \u201eFanggr\u00fcnde&#8220;: <\/span><\/strong><\/p>\n<p style=\"text-align: left;\"><strong><span style=\"font-weight: normal;\">\u201eManski schickt eine ausgefallene Hauptkommissarin ins Rennen. Tomma Petersen hat einen japanischen Vater, was ihr Nordenhamer Revier befremdlich findet \u2013 vor allem der gewichtige Ulrich Spandorff, dem sie vorgesetzt wurde. Deren Kabbelei ist ebenso wie die Windpark-Problematik lebensnah erz\u00e4hlt.&#8220;<\/span><br>Neue Presse Hannover<\/strong><\/p>\n<p style=\"text-align: left;\"><strong><span style=\"font-weight: normal;\">\u201eFedderwardersiel als Kulisse f\u00fcr einen Krimi, das hat was. Und wenn dann noch die Erz\u00e4hlweise so stimmig, die Handlung so klar und die Abfolge so nachvollziehbar ist, dann wird daraus ein Lesevergn\u00fcgen.\u201c<\/span><br>Ruhr Nachrichten<\/strong><\/p>\n<p style=\"text-align: left;\">\u201eFanggr\u00fcnde ist ein spannender Krimi mit regionalem Bezug, der allen Fans von K\u00fcsten-, Ostfriesland- und Inselkrimis gefallen d\u00fcrfte.\u201c<br><strong>General-Anzeiger <\/strong><\/p>\n<p style=\"text-align: center;\"><strong>&nbsp;<img loading=\"lazy\" class=\"aligncenter size-full wp-image-5053\" src=\"http:\/\/www.soarch.net\/wp-content\/uploads\/2019\/11\/Cover_MMM_online_3.jpg\" alt=\"\" width=\"150\" height=\"230\"><\/strong><\/p>\n<p style=\"text-align: center;\">\n<\/p><p><strong>I Vergriffen I&nbsp;<\/strong><\/p>\n<p><strong>&nbsp;<\/strong><\/p>\n<p><strong>M\u00f6rderische MarschMenschen \u2013<\/strong><br><strong>Kurze Krimis von der K\u00fcste<\/strong><br>erschienen im Schardt Verlag, Oldenburg<br>80 Seiten, broschiert<br>ISBN 13&nbsp;978-3898414302<br>8 Euro<\/p>\n<p><strong><span style=\"text-decoration: underline;\">Meinungen zu den MMM<\/span><em><span style=\"text-decoration: underline;\">: <\/span><\/em><\/strong><\/p>\n<p><!--StartFragment--><\/p>\n<p class=\"medium\">\u201eNatascha Manski bietet kurze, knackige und sehr unterhaltsame Geschichten an, die garantiert so spannend und h\u00e4ufig \u00fcberraschend sind, dass man das Buch erst zur Seite legt, wenn es leider viel zu fr\u00fch durchgelesen ist.\u201c<br><strong>Sonntagszeitung Oldenburg<\/strong><\/p>\n<p class=\"medium\">\u201eDie Geschichten beziehen ihren Reiz nicht allein vom Lokalkolorit und dem Augenzwinkern, mit dem sie erz\u00e4hlt werden. Sie leben auch davon, dass Natascha Manski ihre Geschichten clever konstruiert und nicht immer den naheliegenden Blickwinkel gew\u00e4hlt hat.\u201c<br><strong>Kreiszeitung Wesermarsch<\/strong><\/p>\n<p class=\"medium\">M\u00f6rderische MarschMenschen ist \u2013&nbsp;auch aufgrund der L\u00e4nge \u2013 ein nettes H\u00e4ppchen f\u00fcr zwischendurch. Das B\u00fcchlein passt ganz hervorragend in die Reisetasche f\u00fcr den n\u00e4chsten Nordseeurlaub.<br><strong>Federwelt<\/strong><\/p>\n<p class=\"medium\"><strong>&nbsp;<\/strong><\/p>\n<p><!--EndFragment--><\/p>\n<p style=\"text-align: center;\"><a href=\"http:\/\/www.soarch.net\/wp-content\/uploads\/2008\/03\/marschmenschen-klein.jpg\"><img loading=\"lazy\" class=\"aligncenter size-full wp-image-2491\" title=\"marschmenschen_cover\" src=\"http:\/\/www.soarch.net\/wp-content\/uploads\/2008\/03\/marschmenschen_cover.jpg\" alt=\"marschmenschen_cover\" width=\"150\" height=\"233\"><br><\/a><\/p>\n<p><strong>MarschMenschen<a href=\"http:\/\/www.amazon.de\/MarschMenschen-Kurzgeschichten-K%C3%BCste-Natascha-Manski\/dp\/3837012972\/ref=sr_1_1?ie=UTF8&amp;s=books&amp;qid=1217197575&amp;sr=8-1\"><br><\/a>Kurzgeschichten von der K\u00fcste<\/strong>,<br>erschienen bei BoD<br>88 Seiten, broschiert<br>ISBN-13: 978-3837012972,<br>6,95 Euro<\/p>\n<p><strong><span style=\"text-decoration: underline;\">Meinungen zu den MM: <\/span><\/strong><\/p>\n<p><!--StartFragment--><\/p>\n<p class=\"medium\">\u201eDie aus Nordenham stammende Autorin befasst sich mit den Menschen in der Wesermarsch \u2013 und zwar auf die humorvolle Art.\u201c<br><strong>Nordwest-Zeitung<\/strong><\/p>\n<p class=\"medium\">\u201eDie Geschichten sind locker und flockig, manchmal mit einem \u00fcberraschenden Ende. Ein sehr kurzweiliges Buch!\u201c<br><strong>Radio Weser TV<\/strong><\/p>\n<p class=\"medium\">\u201eHerausgekommen ist ein unterhaltsames Buch, das zeigt, dass das Leben hinter dem Deich nicht so ruhig und beschaulich ist, wie es wohl scheint.\u201c<br><strong>Sonntagsjournal, Bremerhaven<\/strong><\/p>\n<p><!--EndFragment--><\/p>\n<hr>","protected":false},"excerpt":{"rendered":"<p>Lieblingspl\u00e4tze Nordsee NiedersachsenISBN:&nbsp;978-383920380418 Euro&nbsp; Hannover. Das Heimat-QuizGrupello-Verlag104 Karten ISBN: 978-389978410716.99 Euro Niedersachsen-QuizGrupello-Verlag103 KartenISBN 978-3-89978-395-712,90 Euro&nbsp; Lieblingspl\u00e4tze Wesermarsch und umzuGmeiner-Verlag192 Seiten, 88 farbige Abbildungen, PaperbackISBN&nbsp;978-3-8392-2634-617 Euro Zur Leseprobe Seebestattung \u2013 ein K\u00fcstenkrimiRowohlt-Verlag352 Seiten, broschiertISBN:&nbsp;978-34992687009,95 Euro Meinungen zu &#8222;Seebestattung&#8220;:&nbsp; &#8222;Ein kluger K\u00fcstenkrimi, der weit \u00fcber den Horizont der Nordsee hinausblickt.&#8220;Sandra L\u00fcpkes&nbsp; &#8222;F\u00fcr Krimi-Fans ein Muss, vor allem [&hellip;]<\/p>\n","protected":false},"author":1,"featured_media":0,"parent":0,"menu_order":2,"comment_status":"closed","ping_status":"closed","template":"","meta":{"om_disable_all_campaigns":false,"_monsterinsights_skip_tracking":false,"_monsterinsights_sitenote_active":false,"_monsterinsights_sitenote_note":"","_monsterinsights_sitenote_category":0},"_links":{"self":[{"href":"https:\/\/www.natascha-manski.de\/index.php?rest_route=\/wp\/v2\/pages\/14"}],"collection":[{"href":"https:\/\/www.natascha-manski.de\/index.php?rest_route=\/wp\/v2\/pages"}],"about":[{"href":"https:\/\/www.natascha-manski.de\/index.php?rest_route=\/wp\/v2\/types\/page"}],"author":[{"embeddable":true,"href":"https:\/\/www.natascha-manski.de\/index.php?rest_route=\/wp\/v2\/users\/1"}],"replies":[{"embeddable":true,"href":"https:\/\/www.natascha-manski.de\/index.php?rest_route=%2Fwp%2Fv2%2Fcomments&post=14"}],"version-history":[{"count":74,"href":"https:\/\/www.natascha-manski.de\/index.php?rest_route=\/wp\/v2\/pages\/14\/revisions"}],"predecessor-version":[{"id":5955,"href":"https:\/\/www.natascha-manski.de\/index.php?rest_route=\/wp\/v2\/pages\/14\/revisions\/5955"}],"wp:attachment":[{"href":"https:\/\/www.natascha-manski.de\/index.php?rest_route=%2Fwp%2Fv2%2Fmedia&parent=14"}],"curies":[{"name":"wp","href":"https:\/\/api.w.org\/{rel}","templated":true}]}}