{"id":5794,"date":"2023-09-27T09:17:37","date_gmt":"2023-09-27T08:17:37","guid":{"rendered":"http:\/\/www.natascha-manski.de\/?page_id=5794"},"modified":"2023-09-27T22:41:49","modified_gmt":"2023-09-27T21:41:49","slug":"ferienhaus","status":"publish","type":"page","link":"https:\/\/www.natascha-manski.de\/?page_id=5794","title":{"rendered":"Ferienhaus"},"content":{"rendered":"\n<p>Lust, mal dort Urlaub zu machen, wo <a href=\"https:\/\/www.rowohlt.de\/autor\/natascha-manski-1851\">Tomma und Spandorff ermitteln<\/a>? Neugierig geworden auf die Schaupl\u00e4tze der Stories in <a href=\"https:\/\/www.gmeiner-verlag.de\/buecher\/titel\/lieblingsplaetze-wesermarsch-und-umzu.html\">Lieblingspl\u00e4tze Wesermarsch und umzu<\/a>? <\/p>\n\n\n\n<p>Dann nix wie hin!<\/p>\n\n\n<div class=\"wp-block-image\">\n<figure class=\"aligncenter size-large\"><a href=\"http:\/\/www.natascha-manski.de\/wp-content\/uploads\/2023\/09\/Bil_1-1-scaled.jpg\"><img loading=\"lazy\" width=\"768\" height=\"1024\" src=\"http:\/\/www.natascha-manski.de\/wp-content\/uploads\/2023\/09\/Bil_1-1-768x1024.jpg\" alt=\"\" class=\"wp-image-5821\" srcset=\"https:\/\/www.natascha-manski.de\/wp-content\/uploads\/2023\/09\/Bil_1-1-768x1024.jpg 768w, https:\/\/www.natascha-manski.de\/wp-content\/uploads\/2023\/09\/Bil_1-1-225x300.jpg 225w, https:\/\/www.natascha-manski.de\/wp-content\/uploads\/2023\/09\/Bil_1-1-1152x1536.jpg 1152w, https:\/\/www.natascha-manski.de\/wp-content\/uploads\/2023\/09\/Bil_1-1-1536x2048.jpg 1536w, https:\/\/www.natascha-manski.de\/wp-content\/uploads\/2023\/09\/Bil_1-1-scaled.jpg 1920w\" sizes=\"(max-width: 768px) 100vw, 768px\" \/><\/a><\/figure><\/div>\n\n\n<p>Unser Ferienh\u00e4uschen befindet sich am \u00e4u\u00dferen Ring eines Ferienparks in Fedderwardersiel (Butjadingen). Hier riecht ihr die Nordsee, was kein Wunder ist: Den Deich erreicht ihr zu Fu\u00df in f\u00fcnf Minuten, den <a href=\"https:\/\/www.butjadingen.de\/erleben-entdecken\/poi\/krabbenkutterhafen-fedderwardersiel\">Krabbenkutterhafe<\/a>n mit einem Fischgesch\u00e4ft, Restaurants und einem kleinen Lebensmittelladen in rund zehn Minuten. <\/p>\n\n\n<div class=\"wp-block-image\">\n<figure class=\"aligncenter size-full\"><a href=\"http:\/\/www.natascha-manski.de\/wp-content\/uploads\/2023\/09\/Bild_2_ok-1.jpg\"><img loading=\"lazy\" width=\"600\" height=\"800\" src=\"http:\/\/www.natascha-manski.de\/wp-content\/uploads\/2023\/09\/Bild_2_ok-1.jpg\" alt=\"\" class=\"wp-image-5824\" srcset=\"https:\/\/www.natascha-manski.de\/wp-content\/uploads\/2023\/09\/Bild_2_ok-1.jpg 600w, https:\/\/www.natascha-manski.de\/wp-content\/uploads\/2023\/09\/Bild_2_ok-1-225x300.jpg 225w\" sizes=\"(max-width: 600px) 100vw, 600px\" \/><\/a><\/figure><\/div>\n\n<div class=\"wp-block-image\">\n<figure class=\"aligncenter size-large\"><a href=\"http:\/\/www.natascha-manski.de\/wp-content\/uploads\/2023\/09\/Nummer_3_neu-scaled.jpg\"><img loading=\"lazy\" width=\"768\" height=\"1024\" src=\"http:\/\/www.natascha-manski.de\/wp-content\/uploads\/2023\/09\/Nummer_3_neu-768x1024.jpg\" alt=\"\" class=\"wp-image-5825\" srcset=\"https:\/\/www.natascha-manski.de\/wp-content\/uploads\/2023\/09\/Nummer_3_neu-768x1024.jpg 768w, https:\/\/www.natascha-manski.de\/wp-content\/uploads\/2023\/09\/Nummer_3_neu-225x300.jpg 225w, https:\/\/www.natascha-manski.de\/wp-content\/uploads\/2023\/09\/Nummer_3_neu-1152x1536.jpg 1152w, https:\/\/www.natascha-manski.de\/wp-content\/uploads\/2023\/09\/Nummer_3_neu-1536x2048.jpg 1536w, https:\/\/www.natascha-manski.de\/wp-content\/uploads\/2023\/09\/Nummer_3_neu-scaled.jpg 1920w\" sizes=\"(max-width: 768px) 100vw, 768px\" \/><\/a><\/figure><\/div>\n\n\n<p><\/p>\n\n\n\n<p>Wer nordisch-schn\u00f6rkelloses Design mit einer kleinen Portion Industrie-Chic und einer gro\u00dfen Portion Gem\u00fctlichkeit mag, wird sich hier wohlf\u00fchlen. Der Wohn- und Essbereich ist wei\u00df und grau eingerichtet und verf\u00fcgt \u00fcber einen Ofen. Ein Zeitschriftenhalter wartet mit Magazinen, und in einem B\u00fccherregal findet ihr eine Auswahl an Krimis, Romanen und Reisef\u00fchrern (meine sind nat\u00fcrlich auch dabei :-)).  <\/p>\n\n\n\n<p><\/p>\n\n\n<div class=\"wp-block-image\">\n<figure class=\"aligncenter size-large\"><a href=\"http:\/\/www.natascha-manski.de\/wp-content\/uploads\/2023\/09\/Bild_4-scaled.jpg\"><img loading=\"lazy\" width=\"768\" height=\"1024\" src=\"http:\/\/www.natascha-manski.de\/wp-content\/uploads\/2023\/09\/Bild_4-768x1024.jpg\" alt=\"\" class=\"wp-image-5826\" srcset=\"https:\/\/www.natascha-manski.de\/wp-content\/uploads\/2023\/09\/Bild_4-768x1024.jpg 768w, https:\/\/www.natascha-manski.de\/wp-content\/uploads\/2023\/09\/Bild_4-225x300.jpg 225w, https:\/\/www.natascha-manski.de\/wp-content\/uploads\/2023\/09\/Bild_4-1152x1536.jpg 1152w, https:\/\/www.natascha-manski.de\/wp-content\/uploads\/2023\/09\/Bild_4-1536x2048.jpg 1536w, https:\/\/www.natascha-manski.de\/wp-content\/uploads\/2023\/09\/Bild_4-scaled.jpg 1920w\" sizes=\"(max-width: 768px) 100vw, 768px\" \/><\/a><\/figure><\/div>\n\n<div class=\"wp-block-image\">\n<figure class=\"aligncenter size-large\"><a href=\"http:\/\/www.natascha-manski.de\/wp-content\/uploads\/2023\/09\/Bild_5-scaled.jpg\"><img loading=\"lazy\" width=\"1024\" height=\"768\" src=\"http:\/\/www.natascha-manski.de\/wp-content\/uploads\/2023\/09\/Bild_5-1024x768.jpg\" alt=\"\" class=\"wp-image-5827\" srcset=\"https:\/\/www.natascha-manski.de\/wp-content\/uploads\/2023\/09\/Bild_5-1024x768.jpg 1024w, https:\/\/www.natascha-manski.de\/wp-content\/uploads\/2023\/09\/Bild_5-300x225.jpg 300w, https:\/\/www.natascha-manski.de\/wp-content\/uploads\/2023\/09\/Bild_5-768x576.jpg 768w, https:\/\/www.natascha-manski.de\/wp-content\/uploads\/2023\/09\/Bild_5-1536x1152.jpg 1536w, https:\/\/www.natascha-manski.de\/wp-content\/uploads\/2023\/09\/Bild_5-2048x1536.jpg 2048w\" sizes=\"(max-width: 1024px) 100vw, 1024px\" \/><\/a><\/figure><\/div>\n\n\n<p><\/p>\n\n\n\n<p><\/p>\n\n\n<div class=\"wp-block-image\">\n<figure class=\"aligncenter size-large\"><a href=\"http:\/\/www.natascha-manski.de\/wp-content\/uploads\/2023\/09\/Bild_6-scaled.jpg\"><img loading=\"lazy\" width=\"1024\" height=\"768\" src=\"http:\/\/www.natascha-manski.de\/wp-content\/uploads\/2023\/09\/Bild_6-1024x768.jpg\" alt=\"\" class=\"wp-image-5828\" srcset=\"https:\/\/www.natascha-manski.de\/wp-content\/uploads\/2023\/09\/Bild_6-1024x768.jpg 1024w, https:\/\/www.natascha-manski.de\/wp-content\/uploads\/2023\/09\/Bild_6-300x225.jpg 300w, https:\/\/www.natascha-manski.de\/wp-content\/uploads\/2023\/09\/Bild_6-768x576.jpg 768w, https:\/\/www.natascha-manski.de\/wp-content\/uploads\/2023\/09\/Bild_6-1536x1152.jpg 1536w, https:\/\/www.natascha-manski.de\/wp-content\/uploads\/2023\/09\/Bild_6-2048x1536.jpg 2048w\" sizes=\"(max-width: 1024px) 100vw, 1024px\" \/><\/a><\/figure><\/div>\n\n<div class=\"wp-block-image\">\n<figure class=\"aligncenter size-large\"><a href=\"http:\/\/www.natascha-manski.de\/wp-content\/uploads\/2023\/09\/Bild_7-scaled.jpg\"><img loading=\"lazy\" width=\"1024\" height=\"768\" src=\"http:\/\/www.natascha-manski.de\/wp-content\/uploads\/2023\/09\/Bild_7-1024x768.jpg\" alt=\"\" class=\"wp-image-5829\" srcset=\"https:\/\/www.natascha-manski.de\/wp-content\/uploads\/2023\/09\/Bild_7-1024x768.jpg 1024w, https:\/\/www.natascha-manski.de\/wp-content\/uploads\/2023\/09\/Bild_7-300x225.jpg 300w, https:\/\/www.natascha-manski.de\/wp-content\/uploads\/2023\/09\/Bild_7-768x576.jpg 768w, https:\/\/www.natascha-manski.de\/wp-content\/uploads\/2023\/09\/Bild_7-1536x1152.jpg 1536w, https:\/\/www.natascha-manski.de\/wp-content\/uploads\/2023\/09\/Bild_7-2048x1536.jpg 2048w\" sizes=\"(max-width: 1024px) 100vw, 1024px\" \/><\/a><\/figure><\/div>\n\n\n<p><\/p>\n\n\n<div class=\"wp-block-image\">\n<figure class=\"aligncenter size-large\"><a href=\"http:\/\/www.natascha-manski.de\/wp-content\/uploads\/2023\/09\/Bild_9-scaled.jpg\"><img loading=\"lazy\" width=\"768\" height=\"1024\" src=\"http:\/\/www.natascha-manski.de\/wp-content\/uploads\/2023\/09\/Bild_9-768x1024.jpg\" alt=\"\" class=\"wp-image-5835\" srcset=\"https:\/\/www.natascha-manski.de\/wp-content\/uploads\/2023\/09\/Bild_9-768x1024.jpg 768w, https:\/\/www.natascha-manski.de\/wp-content\/uploads\/2023\/09\/Bild_9-225x300.jpg 225w, https:\/\/www.natascha-manski.de\/wp-content\/uploads\/2023\/09\/Bild_9-1152x1536.jpg 1152w, https:\/\/www.natascha-manski.de\/wp-content\/uploads\/2023\/09\/Bild_9-1536x2048.jpg 1536w, https:\/\/www.natascha-manski.de\/wp-content\/uploads\/2023\/09\/Bild_9-scaled.jpg 1920w\" sizes=\"(max-width: 768px) 100vw, 768px\" \/><\/a><\/figure><\/div>\n\n\n<p>Das Haus verf\u00fcgt \u00fcber eine gro\u00dfe Terrasse, die einen sch\u00f6nen Blick in den naturbelassenen Garten bietet. Hier habt ihr nicht nur viel Platz, sondern auch eure Ruhe: Der hintere Bereich des rund insgesamt 1.000 Quadratmeter gro\u00dfen Grundst\u00fccks ist nicht einsehbar und ist durch einen kleinen Graben von einem landwirtschaftlichen Weg getrennt, der an ein Feld grenzt. <\/p>\n\n\n<div class=\"wp-block-image\">\n<figure class=\"aligncenter size-large\"><a href=\"http:\/\/www.natascha-manski.de\/wp-content\/uploads\/2023\/09\/Bild_8-scaled.jpg\"><img loading=\"lazy\" width=\"768\" height=\"1024\" src=\"http:\/\/www.natascha-manski.de\/wp-content\/uploads\/2023\/09\/Bild_8-768x1024.jpg\" alt=\"\" class=\"wp-image-5830\" srcset=\"https:\/\/www.natascha-manski.de\/wp-content\/uploads\/2023\/09\/Bild_8-768x1024.jpg 768w, https:\/\/www.natascha-manski.de\/wp-content\/uploads\/2023\/09\/Bild_8-225x300.jpg 225w, https:\/\/www.natascha-manski.de\/wp-content\/uploads\/2023\/09\/Bild_8-1152x1536.jpg 1152w, https:\/\/www.natascha-manski.de\/wp-content\/uploads\/2023\/09\/Bild_8-1536x2048.jpg 1536w, https:\/\/www.natascha-manski.de\/wp-content\/uploads\/2023\/09\/Bild_8-scaled.jpg 1920w\" sizes=\"(max-width: 768px) 100vw, 768px\" \/><\/a><\/figure><\/div>\n\n<div class=\"wp-block-image\">\n<figure class=\"aligncenter size-large\"><a href=\"http:\/\/www.natascha-manski.de\/wp-content\/uploads\/2023\/09\/Bild_10-scaled.jpg\"><img loading=\"lazy\" width=\"795\" height=\"1024\" src=\"http:\/\/www.natascha-manski.de\/wp-content\/uploads\/2023\/09\/Bild_10-795x1024.jpg\" alt=\"\" class=\"wp-image-5831\" srcset=\"https:\/\/www.natascha-manski.de\/wp-content\/uploads\/2023\/09\/Bild_10-795x1024.jpg 795w, https:\/\/www.natascha-manski.de\/wp-content\/uploads\/2023\/09\/Bild_10-233x300.jpg 233w, https:\/\/www.natascha-manski.de\/wp-content\/uploads\/2023\/09\/Bild_10-768x989.jpg 768w, https:\/\/www.natascha-manski.de\/wp-content\/uploads\/2023\/09\/Bild_10-1193x1536.jpg 1193w, https:\/\/www.natascha-manski.de\/wp-content\/uploads\/2023\/09\/Bild_10-1590x2048.jpg 1590w, https:\/\/www.natascha-manski.de\/wp-content\/uploads\/2023\/09\/Bild_10-scaled.jpg 1988w\" sizes=\"(max-width: 795px) 100vw, 795px\" \/><\/a><\/figure><\/div>\n\n\n<p>Neugierig geworden? Dann schaut euch gerne weitere Bilder sowie eine ausf\u00fchrliche Beschreibung an beim <a href=\"https:\/\/www.ankerplatz-ferienwohnungen.de\/objekt\/deichzeit-fh123.html\">Ankerplatz Nordsee<\/a>! <\/p>\n\n\n\n<p><\/p>\n","protected":false},"excerpt":{"rendered":"<p>Lust, mal dort Urlaub zu machen, wo Tomma und Spandorff ermitteln? Neugierig geworden auf die Schaupl\u00e4tze der Stories in Lieblingspl\u00e4tze Wesermarsch und umzu? Dann nix wie hin! Unser Ferienh\u00e4uschen befindet sich am \u00e4u\u00dferen Ring eines Ferienparks in Fedderwardersiel (Butjadingen). Hier riecht ihr die Nordsee, was kein Wunder ist: Den Deich erreicht ihr zu Fu\u00df in [&hellip;]<\/p>\n","protected":false},"author":1,"featured_media":0,"parent":0,"menu_order":0,"comment_status":"closed","ping_status":"closed","template":"","meta":{"om_disable_all_campaigns":false,"_monsterinsights_skip_tracking":false,"_monsterinsights_sitenote_active":false,"_monsterinsights_sitenote_note":"","_monsterinsights_sitenote_category":0},"_links":{"self":[{"href":"https:\/\/www.natascha-manski.de\/index.php?rest_route=\/wp\/v2\/pages\/5794"}],"collection":[{"href":"https:\/\/www.natascha-manski.de\/index.php?rest_route=\/wp\/v2\/pages"}],"about":[{"href":"https:\/\/www.natascha-manski.de\/index.php?rest_route=\/wp\/v2\/types\/page"}],"author":[{"embeddable":true,"href":"https:\/\/www.natascha-manski.de\/index.php?rest_route=\/wp\/v2\/users\/1"}],"replies":[{"embeddable":true,"href":"https:\/\/www.natascha-manski.de\/index.php?rest_route=%2Fwp%2Fv2%2Fcomments&post=5794"}],"version-history":[{"count":24,"href":"https:\/\/www.natascha-manski.de\/index.php?rest_route=\/wp\/v2\/pages\/5794\/revisions"}],"predecessor-version":[{"id":5851,"href":"https:\/\/www.natascha-manski.de\/index.php?rest_route=\/wp\/v2\/pages\/5794\/revisions\/5851"}],"wp:attachment":[{"href":"https:\/\/www.natascha-manski.de\/index.php?rest_route=%2Fwp%2Fv2%2Fmedia&parent=5794"}],"curies":[{"name":"wp","href":"https:\/\/api.w.org\/{rel}","templated":true}]}}